{"id":299,"date":"2018-02-15T14:51:47","date_gmt":"2018-02-15T13:51:47","guid":{"rendered":"https:\/\/bambidekogiftart.com\/?page_id=299"},"modified":"2019-11-27T09:03:27","modified_gmt":"2019-11-27T08:03:27","slug":"chi-sono","status":"publish","type":"page","link":"https:\/\/bambidekogiftart.com\/it\/chi-sono\/","title":{"rendered":"Chi sono"},"content":{"rendered":"\n<h1>Chi sono<\/h1>\n<div class=\"row citazioni\"  id=\"row-356925884\">\n\n\n\t<div id=\"col-431869729\" class=\"col small-12 large-12\"  data-animate=\"fadeInRight\">\n\t\t\t\t<div class=\"col-inner\"  >\n\t\t\t\n\t\t\t\n\n<blockquote>\n<p><em>Il mio motto: sperimenta, impara le regole e infrangile! Usa la tua fantasia e segui il tuo cuore. SEMPRE!<\/em><\/p>\n<\/blockquote>\n\n\t\t<\/div>\n\t\t\t\t\t<\/div>\n\n\t\n\n\n<style>\n#row-356925884 > .col > .col-inner {\n  padding: 0px 0px 0 0px;\n}\n<\/style>\n<\/div>\n<div class=\"row\"  id=\"row-991648776\">\n\n\n\t<div id=\"col-463416282\" class=\"col small-12 large-12\"  >\n\t\t\t\t<div class=\"col-inner\"  >\n\t\t\t\n\t\t\t\n\n<p>Ciao a tutti, mi chiamo Anna e vivo a Zurigo.<\/p>\n<p>In questo sito desidero presentarvi le mie creazioni.<\/p>\n<p>Ho sempre avuto una vena creativa e fin da piccola ho una passione per tutto ci\u00f2 che \u00e8 fatto a mano. Amo sperimentare sempre cose nuove e mi piace cimentarmi con materiali diversi e con qualsiasi tecnica che richieda manualit\u00e0 e mi permetta di esprimere la mia creativit\u00e0. Non da ultimo mi piace rendere felici le persone con ci\u00f2 che creo.<\/p>\n<p>Con la spinta di parenti e amici, ho deciso quindi di creare un sito web tutto mio per far conoscere i miei lavori.<\/p>\n<p>Ogni oggetto \u00e8 realizzato con passione ed \u00e8 curato nei dettagli. Le decorazioni, gli accessori e i regalini sono tutti pezzi unici, personalizzabili nelle forme, dimensioni e colori! Quasi tutti gli oggetti sono realizzati su ordinazione e per questo motivo occorre considerare tempi di consegna pi\u00f9 lunghi.<\/p>\n<p>Contattatemi per ulteriori informazioni e per le vostre richieste.<\/p>\n<p>Sono aperta a nuove sfide e mi farebbe piacere ricevere suggerimenti e commenti. Vi aspetto e vi auguro buon divertimento!<\/p>\n<div class=\"is-divider divider clearfix\" style=\"height:150px;background-color:rgba(0, 0, 0, 0);\"><\/div>\n\n\n\t\t<\/div>\n\t\t\t\t\t<\/div>\n\n\t\n\n<\/div>\n","protected":false},"excerpt":{"rendered":"<p>Chi sono<\/p>\n","protected":false},"author":1,"featured_media":948,"parent":0,"menu_order":0,"comment_status":"closed","ping_status":"closed","template":"","meta":{"footnotes":""},"class_list":["post-299","page","type-page","status-publish","has-post-thumbnail","hentry"],"yoast_head":"<!-- This site is optimized with the Yoast SEO plugin v27.2 - https:\/\/yoast.com\/product\/yoast-seo-wordpress\/ -->\n<title>Chi sono - Bambi&rsquo;s Deko And Gift Art<\/title>\n<meta name=\"description\" content=\"Il mio motto: sperimenta, impara le regole e infrangile! Usa la tua fantasia e segui il tuo cuore. SEMPRE! Ciao a tutti, mi chiamo Anna. In questo sito desidero presentarvi le mie creazioni.\" \/>\n<meta name=\"robots\" content=\"index, follow, max-snippet:-1, max-image-preview:large, max-video-preview:-1\" \/>\n<link rel=\"canonical\" href=\"https:\/\/bambidekogiftart.com\/it\/chi-sono\/\" \/>\n<meta property=\"og:locale\" content=\"it_IT\" \/>\n<meta property=\"og:type\" content=\"article\" \/>\n<meta property=\"og:title\" content=\"Chi sono - Bambi&rsquo;s Deko And Gift Art\" \/>\n<meta property=\"og:description\" content=\"Il mio motto: sperimenta, impara le regole e infrangile! Usa la tua fantasia e segui il tuo cuore. SEMPRE! Ciao a tutti, mi chiamo Anna. In questo sito desidero presentarvi le mie creazioni.\" \/>\n<meta property=\"og:url\" content=\"https:\/\/bambidekogiftart.com\/it\/chi-sono\/\" \/>\n<meta property=\"og:site_name\" content=\"Bambi&rsquo;s Deko And Gift Art\" \/>\n<meta property=\"article:modified_time\" content=\"2019-11-27T08:03:27+00:00\" \/>\n<meta property=\"og:image\" content=\"https:\/\/bambidekogiftart.com\/wp-content\/uploads\/2018\/08\/gehakeltes-affchen.jpg\" \/>\n\t<meta property=\"og:image:width\" content=\"700\" \/>\n\t<meta property=\"og:image:height\" content=\"933\" \/>\n\t<meta property=\"og:image:type\" content=\"image\/jpeg\" \/>\n<meta name=\"twitter:card\" content=\"summary_large_image\" \/>\n<meta name=\"twitter:label1\" content=\"Tempo di lettura stimato\" \/>\n\t<meta name=\"twitter:data1\" content=\"1 minuto\" \/>\n<script type=\"application\/ld+json\" class=\"yoast-schema-graph\">{\"@context\":\"https:\/\/schema.org\",\"@graph\":[{\"@type\":\"WebPage\",\"@id\":\"https:\/\/bambidekogiftart.com\/it\/chi-sono\/\",\"url\":\"https:\/\/bambidekogiftart.com\/it\/chi-sono\/\",\"name\":\"Chi sono - Bambi&rsquo;s Deko And Gift Art\",\"isPartOf\":{\"@id\":\"https:\/\/bambidekogiftart.com\/#website\"},\"primaryImageOfPage\":{\"@id\":\"https:\/\/bambidekogiftart.com\/it\/chi-sono\/#primaryimage\"},\"image\":{\"@id\":\"https:\/\/bambidekogiftart.com\/it\/chi-sono\/#primaryimage\"},\"thumbnailUrl\":\"https:\/\/bambidekogiftart.com\/wp-content\/uploads\/2018\/08\/gehakeltes-affchen.jpg\",\"datePublished\":\"2018-02-15T13:51:47+00:00\",\"dateModified\":\"2019-11-27T08:03:27+00:00\",\"description\":\"Il mio motto: sperimenta, impara le regole e infrangile! Usa la tua fantasia e segui il tuo cuore. SEMPRE! Ciao a tutti, mi chiamo Anna. In questo sito desidero presentarvi le mie creazioni.\",\"breadcrumb\":{\"@id\":\"https:\/\/bambidekogiftart.com\/it\/chi-sono\/#breadcrumb\"},\"inLanguage\":\"it-IT\",\"potentialAction\":[{\"@type\":\"ReadAction\",\"target\":[\"https:\/\/bambidekogiftart.com\/it\/chi-sono\/\"]}]},{\"@type\":\"ImageObject\",\"inLanguage\":\"it-IT\",\"@id\":\"https:\/\/bambidekogiftart.com\/it\/chi-sono\/#primaryimage\",\"url\":\"https:\/\/bambidekogiftart.com\/wp-content\/uploads\/2018\/08\/gehakeltes-affchen.jpg\",\"contentUrl\":\"https:\/\/bambidekogiftart.com\/wp-content\/uploads\/2018\/08\/gehakeltes-affchen.jpg\",\"width\":700,\"height\":933,\"caption\":\"geh\u00e4keltes \u00c4ffchen\"},{\"@type\":\"BreadcrumbList\",\"@id\":\"https:\/\/bambidekogiftart.com\/it\/chi-sono\/#breadcrumb\",\"itemListElement\":[{\"@type\":\"ListItem\",\"position\":1,\"name\":\"Home\",\"item\":\"https:\/\/bambidekogiftart.com\/it\/\"},{\"@type\":\"ListItem\",\"position\":2,\"name\":\"Chi sono\"}]},{\"@type\":\"WebSite\",\"@id\":\"https:\/\/bambidekogiftart.com\/#website\",\"url\":\"https:\/\/bambidekogiftart.com\/\",\"name\":\"Bambi&rsquo;s Deko And Gift Art\",\"description\":\"Sito web di Decorazioni, Accessori e Regali\",\"potentialAction\":[{\"@type\":\"SearchAction\",\"target\":{\"@type\":\"EntryPoint\",\"urlTemplate\":\"https:\/\/bambidekogiftart.com\/?s={search_term_string}\"},\"query-input\":{\"@type\":\"PropertyValueSpecification\",\"valueRequired\":true,\"valueName\":\"search_term_string\"}}],\"inLanguage\":\"it-IT\"}]}<\/script>\n<!-- \/ Yoast SEO plugin. -->","yoast_head_json":{"title":"Chi sono - Bambi&rsquo;s Deko And Gift Art","description":"Il mio motto: sperimenta, impara le regole e infrangile! Usa la tua fantasia e segui il tuo cuore. SEMPRE! Ciao a tutti, mi chiamo Anna. In questo sito desidero presentarvi le mie creazioni.","robots":{"index":"index","follow":"follow","max-snippet":"max-snippet:-1","max-image-preview":"max-image-preview:large","max-video-preview":"max-video-preview:-1"},"canonical":"https:\/\/bambidekogiftart.com\/it\/chi-sono\/","og_locale":"it_IT","og_type":"article","og_title":"Chi sono - Bambi&rsquo;s Deko And Gift Art","og_description":"Il mio motto: sperimenta, impara le regole e infrangile! Usa la tua fantasia e segui il tuo cuore. SEMPRE! Ciao a tutti, mi chiamo Anna. In questo sito desidero presentarvi le mie creazioni.","og_url":"https:\/\/bambidekogiftart.com\/it\/chi-sono\/","og_site_name":"Bambi&rsquo;s Deko And Gift Art","article_modified_time":"2019-11-27T08:03:27+00:00","og_image":[{"width":700,"height":933,"url":"https:\/\/bambidekogiftart.com\/wp-content\/uploads\/2018\/08\/gehakeltes-affchen.jpg","type":"image\/jpeg"}],"twitter_card":"summary_large_image","twitter_misc":{"Tempo di lettura stimato":"1 minuto"},"schema":{"@context":"https:\/\/schema.org","@graph":[{"@type":"WebPage","@id":"https:\/\/bambidekogiftart.com\/it\/chi-sono\/","url":"https:\/\/bambidekogiftart.com\/it\/chi-sono\/","name":"Chi sono - Bambi&rsquo;s Deko And Gift Art","isPartOf":{"@id":"https:\/\/bambidekogiftart.com\/#website"},"primaryImageOfPage":{"@id":"https:\/\/bambidekogiftart.com\/it\/chi-sono\/#primaryimage"},"image":{"@id":"https:\/\/bambidekogiftart.com\/it\/chi-sono\/#primaryimage"},"thumbnailUrl":"https:\/\/bambidekogiftart.com\/wp-content\/uploads\/2018\/08\/gehakeltes-affchen.jpg","datePublished":"2018-02-15T13:51:47+00:00","dateModified":"2019-11-27T08:03:27+00:00","description":"Il mio motto: sperimenta, impara le regole e infrangile! Usa la tua fantasia e segui il tuo cuore. SEMPRE! Ciao a tutti, mi chiamo Anna. In questo sito desidero presentarvi le mie creazioni.","breadcrumb":{"@id":"https:\/\/bambidekogiftart.com\/it\/chi-sono\/#breadcrumb"},"inLanguage":"it-IT","potentialAction":[{"@type":"ReadAction","target":["https:\/\/bambidekogiftart.com\/it\/chi-sono\/"]}]},{"@type":"ImageObject","inLanguage":"it-IT","@id":"https:\/\/bambidekogiftart.com\/it\/chi-sono\/#primaryimage","url":"https:\/\/bambidekogiftart.com\/wp-content\/uploads\/2018\/08\/gehakeltes-affchen.jpg","contentUrl":"https:\/\/bambidekogiftart.com\/wp-content\/uploads\/2018\/08\/gehakeltes-affchen.jpg","width":700,"height":933,"caption":"geh\u00e4keltes \u00c4ffchen"},{"@type":"BreadcrumbList","@id":"https:\/\/bambidekogiftart.com\/it\/chi-sono\/#breadcrumb","itemListElement":[{"@type":"ListItem","position":1,"name":"Home","item":"https:\/\/bambidekogiftart.com\/it\/"},{"@type":"ListItem","position":2,"name":"Chi sono"}]},{"@type":"WebSite","@id":"https:\/\/bambidekogiftart.com\/#website","url":"https:\/\/bambidekogiftart.com\/","name":"Bambi&rsquo;s Deko And Gift Art","description":"Sito web di Decorazioni, Accessori e Regali","potentialAction":[{"@type":"SearchAction","target":{"@type":"EntryPoint","urlTemplate":"https:\/\/bambidekogiftart.com\/?s={search_term_string}"},"query-input":{"@type":"PropertyValueSpecification","valueRequired":true,"valueName":"search_term_string"}}],"inLanguage":"it-IT"}]}},"_links":{"self":[{"href":"https:\/\/bambidekogiftart.com\/it\/wp-json\/wp\/v2\/pages\/299","targetHints":{"allow":["GET"]}}],"collection":[{"href":"https:\/\/bambidekogiftart.com\/it\/wp-json\/wp\/v2\/pages"}],"about":[{"href":"https:\/\/bambidekogiftart.com\/it\/wp-json\/wp\/v2\/types\/page"}],"author":[{"embeddable":true,"href":"https:\/\/bambidekogiftart.com\/it\/wp-json\/wp\/v2\/users\/1"}],"replies":[{"embeddable":true,"href":"https:\/\/bambidekogiftart.com\/it\/wp-json\/wp\/v2\/comments?post=299"}],"version-history":[{"count":5,"href":"https:\/\/bambidekogiftart.com\/it\/wp-json\/wp\/v2\/pages\/299\/revisions"}],"predecessor-version":[{"id":1340,"href":"https:\/\/bambidekogiftart.com\/it\/wp-json\/wp\/v2\/pages\/299\/revisions\/1340"}],"wp:featuredmedia":[{"embeddable":true,"href":"https:\/\/bambidekogiftart.com\/it\/wp-json\/wp\/v2\/media\/948"}],"wp:attachment":[{"href":"https:\/\/bambidekogiftart.com\/it\/wp-json\/wp\/v2\/media?parent=299"}],"curies":[{"name":"wp","href":"https:\/\/api.w.org\/{rel}","templated":true}]}}